{"id":1792,"date":"2024-04-18T17:02:07","date_gmt":"2024-04-18T15:02:07","guid":{"rendered":"https:\/\/pau-motors.com\/privacy-policy\/"},"modified":"2025-02-25T09:19:46","modified_gmt":"2025-02-25T08:19:46","slug":"privacy-policy","status":"publish","type":"page","link":"https:\/\/pau-motors.com\/en\/privacy-policy\/","title":{"rendered":"Privacy policy"},"content":{"rendered":"<p><div class=\"fusion-fullwidth fullwidth-box fusion-builder-row-1 fusion-flex-container has-pattern-background has-mask-background fusion-parallax-none nonhundred-percent-fullwidth non-hundred-percent-height-scrolling\" style=\"--awb-background-blend-mode:overlay;--awb-border-radius-top-left:0px;--awb-border-radius-top-right:0px;--awb-border-radius-bottom-right:0px;--awb-border-radius-bottom-left:0px;--awb-padding-top:70px;--awb-padding-bottom:70px;--awb-background-color:rgba(20,22,23,0.05);--awb-background-image:url(&quot;https:\/\/pau-motors.com\/wp-content\/uploads\/2024\/04\/pau-bearn-1920px.jpg&quot;);--awb-background-size:cover;--awb-flex-wrap:wrap;\" ><div class=\"fusion-builder-row fusion-row fusion-flex-align-items-stretch fusion-flex-content-wrap\" style=\"max-width:1331.2px;margin-left: calc(-4% \/ 2 );margin-right: calc(-4% \/ 2 );\"><div class=\"fusion-layout-column fusion_builder_column fusion-builder-column-0 fusion_builder_column_3_5 3_5 fusion-flex-column fusion-animated\" style=\"--awb-bg-size:cover;--awb-width-large:60%;--awb-margin-top-large:0px;--awb-spacing-right-large:3.2%;--awb-margin-bottom-large:0px;--awb-spacing-left-large:3.2%;--awb-width-medium:60%;--awb-order-medium:0;--awb-spacing-right-medium:3.2%;--awb-spacing-left-medium:3.2%;--awb-width-small:100%;--awb-order-small:0;--awb-spacing-right-small:1.92%;--awb-spacing-left-small:1.92%;\" data-animationType=\"fadeIn\" data-animationDuration=\"0.6\" data-animationOffset=\"top-into-view\" data-scroll-devices=\"small-visibility,medium-visibility,large-visibility\"><div class=\"fusion-column-wrapper fusion-column-has-shadow fusion-flex-justify-content-flex-start fusion-content-layout-column\"><div class=\"fusion-image-element sm-text-align-center\" style=\"text-align:left;--awb-margin-bottom-small:20px;--awb-caption-title-font-family:var(--h2_typography-font-family);--awb-caption-title-font-weight:var(--h2_typography-font-weight);--awb-caption-title-font-style:var(--h2_typography-font-style);--awb-caption-title-size:var(--h2_typography-font-size);--awb-caption-title-transform:var(--h2_typography-text-transform);--awb-caption-title-line-height:var(--h2_typography-line-height);--awb-caption-title-letter-spacing:var(--h2_typography-letter-spacing);\"><span class=\" fusion-imageframe imageframe-none imageframe-1 hover-type-none\"><img decoding=\"async\" width=\"493\" height=\"332\" title=\"fembc2025 logoblanc\" src=\"https:\/\/pau-motors.com\/wp-content\/uploads\/2025\/02\/fembc2025_logoblanceng.png\" alt class=\"img-responsive wp-image-1635\"\/><\/span><\/div><\/div><\/div><div class=\"fusion-layout-column fusion_builder_column fusion-builder-column-1 fusion_builder_column_2_5 2_5 fusion-flex-column fusion-flex-align-self-center fusion-animated\" style=\"--awb-bg-size:cover;--awb-width-large:40%;--awb-margin-top-large:0px;--awb-spacing-right-large:4.8%;--awb-margin-bottom-large:0px;--awb-spacing-left-large:4.8%;--awb-width-medium:40%;--awb-order-medium:0;--awb-spacing-right-medium:4.8%;--awb-spacing-left-medium:4.8%;--awb-width-small:100%;--awb-order-small:0;--awb-spacing-right-small:1.92%;--awb-spacing-left-small:1.92%;\" data-animationType=\"fadeInRight\" data-animationDuration=\"0.6\" data-animationOffset=\"top-into-view\" data-scroll-devices=\"small-visibility,medium-visibility,large-visibility\"><div class=\"fusion-column-wrapper fusion-column-has-shadow fusion-flex-justify-content-center fusion-content-layout-column\"><div class=\"fusion-builder-row fusion-builder-row-inner fusion-row fusion-flex-align-items-stretch fusion-flex-content-wrap\" style=\"--awb-flex-grow:0;--awb-flex-grow-medium:0;--awb-flex-grow-small:0;--awb-flex-shrink:0;--awb-flex-shrink-medium:0;--awb-flex-shrink-small:0;width:104% !important;max-width:104% !important;margin-left: calc(-4% \/ 2 );margin-right: calc(-4% \/ 2 );\"><div class=\"fusion-layout-column fusion_builder_column_inner fusion-builder-nested-column-0 fusion_builder_column_inner_1_1 1_1 fusion-flex-column\" style=\"--awb-padding-top:20px;--awb-padding-right:20px;--awb-padding-left:20px;--awb-overflow:hidden;--awb-bg-color:rgba(37,39,115,0.8);--awb-bg-color-hover:rgba(37,39,115,0.8);--awb-bg-size:cover;--awb-border-radius:15px 15px 15px 15px;--awb-width-large:100%;--awb-margin-top-large:0px;--awb-spacing-right-large:1.92%;--awb-margin-bottom-large:0px;--awb-spacing-left-large:1.92%;--awb-width-medium:100%;--awb-order-medium:0;--awb-spacing-right-medium:1.92%;--awb-spacing-left-medium:1.92%;--awb-width-small:100%;--awb-order-small:0;--awb-spacing-right-small:1.92%;--awb-spacing-left-small:1.92%;\" data-scroll-devices=\"small-visibility,medium-visibility,large-visibility\"><div class=\"fusion-column-wrapper fusion-column-has-shadow fusion-flex-justify-content-center fusion-content-layout-column\"><div class=\"fusion-text fusion-text-1\" style=\"--awb-content-alignment:center;--awb-text-transform:uppercase;--awb-text-color:var(--awb-color1);\"><p>Conferences | Workshops | Keynotes | Networking<\/p>\n<\/div><div class=\"fusion-text fusion-text-2\" style=\"--awb-content-alignment:center;--awb-font-size:2em;--awb-line-height:1.2em;--awb-text-transform:uppercase;--awb-text-color:var(--awb-color1);\"><p>PAU &#8211; PAVILLON DES ARTS<br \/>\n<strong>April 28 and 29, 2025<\/strong><\/p>\n<\/div><\/div><\/div><\/div><\/div><\/div><\/div><\/div><div class=\"fusion-fullwidth fullwidth-box fusion-builder-row-2 fusion-flex-container has-pattern-background has-mask-background nonhundred-percent-fullwidth non-hundred-percent-height-scrolling\" style=\"--awb-border-radius-top-left:0px;--awb-border-radius-top-right:0px;--awb-border-radius-bottom-right:0px;--awb-border-radius-bottom-left:0px;--awb-margin-top:70px;--awb-margin-bottom:70px;--awb-flex-wrap:wrap;\" ><div class=\"fusion-builder-row fusion-row fusion-flex-align-items-flex-start fusion-flex-content-wrap\" style=\"max-width:1331.2px;margin-left: calc(-4% \/ 2 );margin-right: calc(-4% \/ 2 );\"><div class=\"fusion-layout-column fusion_builder_column fusion-builder-column-2 fusion_builder_column_1_1 1_1 fusion-flex-column\" style=\"--awb-bg-size:cover;--awb-width-large:100%;--awb-margin-top-large:0px;--awb-spacing-right-large:1.92%;--awb-margin-bottom-large:0px;--awb-spacing-left-large:1.92%;--awb-width-medium:100%;--awb-order-medium:0;--awb-spacing-right-medium:1.92%;--awb-spacing-left-medium:1.92%;--awb-width-small:100%;--awb-order-small:0;--awb-spacing-right-small:1.92%;--awb-spacing-left-small:1.92%;\"><div class=\"fusion-column-wrapper fusion-column-has-shadow fusion-flex-justify-content-flex-start fusion-content-layout-column\"><div class=\"fusion-title title fusion-title-1 fusion-sep-none fusion-title-text fusion-title-size-one\" style=\"--awb-margin-top-small:0px;--awb-margin-right-small:0px;--awb-margin-bottom-small:0px;--awb-margin-left-small:0px;\"><h1 class=\"fusion-title-heading title-heading-left fusion-responsive-typography-calculated\" style=\"margin:0;text-transform:none;--fontSize:40;line-height:var(--awb-typography1-line-height);\">Privacy policy<\/h1><\/div><\/div><\/div><\/div><\/div><div class=\"fusion-fullwidth fullwidth-box fusion-builder-row-3 fusion-flex-container has-pattern-background has-mask-background nonhundred-percent-fullwidth non-hundred-percent-height-scrolling\" style=\"--awb-border-radius-top-left:0px;--awb-border-radius-top-right:0px;--awb-border-radius-bottom-right:0px;--awb-border-radius-bottom-left:0px;--awb-padding-bottom:70px;--awb-flex-wrap:wrap;\" ><div class=\"fusion-builder-row fusion-row fusion-flex-align-items-flex-start fusion-flex-content-wrap\" style=\"max-width:1331.2px;margin-left: calc(-4% \/ 2 );margin-right: calc(-4% \/ 2 );\"><div class=\"fusion-layout-column fusion_builder_column fusion-builder-column-3 fusion_builder_column_1_1 1_1 fusion-flex-column\" style=\"--awb-bg-size:cover;--awb-width-large:100%;--awb-margin-top-large:0px;--awb-spacing-right-large:1.92%;--awb-margin-bottom-large:0px;--awb-spacing-left-large:1.92%;--awb-width-medium:100%;--awb-order-medium:0;--awb-spacing-right-medium:1.92%;--awb-spacing-left-medium:1.92%;--awb-width-small:100%;--awb-order-small:0;--awb-spacing-right-small:1.92%;--awb-spacing-left-small:1.92%;\"><div class=\"fusion-column-wrapper fusion-column-has-shadow fusion-flex-justify-content-flex-start fusion-content-layout-column\"><div class=\"fusion-text fusion-text-3\" style=\"--awb-content-alignment:justify;\"><p data-swp-font-size=\"15px\"><strong>Personal data collected<br \/>\n<\/strong>Two types of personal data are collected on the pau-motors.com website<\/p>\n<ul>\n<li data-swp-font-size=\"15px\">Data entered and sent via forms<\/li>\n<li data-swp-font-size=\"15px\">Data collected by the Google Analytics audience measurement tool<\/li>\n<\/ul>\n<p data-swp-font-size=\"15px\"><strong>Personal data controller<br \/>\n<\/strong>Personal data is collected on the site by Cr\u00e9a-SUD Communication 9397 rue du Souvenir Fran\u00e7ais 64230 Lescar (France).<\/p>\n<p data-swp-font-size=\"15px\"><strong>Purpose of collecting personal data<br \/>\n<\/strong>The purpose of collecting personal data through the various forms on the site is to :<\/p>\n<ul>\n<li data-swp-font-size=\"15px\">Recontact people who have left their contact information<\/li>\n<li data-swp-font-size=\"15px\">Ensure commercial follow-up for companies and individuals interested in our services.<\/li>\n<\/ul>\n<p data-swp-font-size=\"15px\">By submitting the form and ticking the consent box on the form, the Internet user expressly agrees to personal data being processed for the purpose of managing the commercial relationship. The purpose of collecting personal data through the Google Analytics audience tracking tool used on the site is to analyze the behavior of Internet users on the site in order to measure their audience and improve their performance. Google Analytics uses third-party cookies to distinguish users. Cookies are text files installed on Internet users&#8217; terminals. They do not contain any nominative information, only randomly generated identifiers.<br \/>\nBy browsing the site, the Internet user expressly agrees that the personal data collected by Google Analytics may be processed for the purpose of analyzing Internet user behavior in order to improve site performance.<\/p>\n<p data-swp-font-size=\"15px\"><strong>Length of time personal data is kept<br \/>\n<\/strong>Data collected via forms is kept for a period of two years from the time the form is sent.<br \/>\nThe cookies used by the Google Analytics audience measurement tool have the following lifetimes:<\/p>\n<ul>\n<li data-swp-font-size=\"15px\">2 years<\/li>\n<li data-swp-font-size=\"15px\">gid : 24 hours<\/li>\n<li data-swp-font-size=\"15px\">1 minute<\/li>\n<\/ul>\n<p data-swp-font-size=\"15px\"><strong>Confidentiality of personal data<br \/>\n<\/strong>The personal data concerning you and collected by the sitepau-motors.com is intended solely for the organizers of the Pau Motors Festival and will only be used within the framework of the request specified via the form. Under no circumstances will the personal data entered and sent on the forms be transmitted, rented or sold to third parties.<\/p>\n<p data-swp-font-size=\"15px\"><strong>Place of storage of personal data<br \/>\n<\/strong>The site&#8217;s hosting servers are located exclusively in France, within the European Union.<br \/>\nThe organizers of the Pau Motors Festival undertake not to transfer any personal data to a country that is not a member of the European Community.<\/p>\n<p data-swp-font-size=\"15px\"><strong>Personal data security<br \/>\n<\/strong>The site is hosted on secure Webconex servers. All pages are in HTTPS, TLS 1.2 \/ RSA secure mode. This is a security protocol used to encrypt the content of exchanges between the browser and database servers. This prevents personal data entered and sent via forms from being easily read by third parties in transit.<\/p>\n<p data-swp-font-size=\"15px\">However, no transmission or storage of personal data is ever totally secure. Consequently, we cannot guarantee the infallible security of information transmitted or stored on hosting servers.<\/p>\n<p data-swp-font-size=\"15px\"><strong>Data Protection Officer<br \/>\n<\/strong>\u00c9ric Dourn\u00e8s is the Data Protection Officer (DPO) for Cr\u00e9a-SUD Communication, co-organizer of the Pau Motors Festival. In particular, he is in charge of ensuring the compliance of the association&#8217;s activities with the new RGPD European legal framework and cooperating with the supervisory authority.<br \/>\nYou can contact him using the contact form or by post at: Cr\u00e9a-SUD Communication 9397 rue du Souvenir Fran\u00e7ais 64230 Lescar (France).<\/p>\n<p data-swp-font-size=\"15px\"><strong>Right to access, rectify or delete personal data<br \/>\n<\/strong>In accordance with the French Data Protection Act of January 6, 1978, as amended, and the European General Data Protection Regulation 2016\/679 (RGPD), you have the right to access, rectify and delete personal data concerning you, which you may exercise by using the contact form or by sending a letter to Cr\u00e9a-SUD Communication 9397 rue du Souvenir Fran\u00e7ais 64230 Lescar (France).<\/p>\n<\/div><\/div><\/div><\/div><\/div><\/p>\n","protected":false},"excerpt":{"rendered":"","protected":false},"author":1,"featured_media":0,"parent":0,"menu_order":110,"comment_status":"closed","ping_status":"closed","template":"100-width.php","meta":{"_seopress_robots_primary_cat":"","_seopress_titles_title":"","_seopress_titles_desc":"","_seopress_robots_index":"","footnotes":""},"class_list":["post-1792","page","type-page","status-publish","hentry"],"_links":{"self":[{"href":"https:\/\/pau-motors.com\/en\/wp-json\/wp\/v2\/pages\/1792","targetHints":{"allow":["GET"]}}],"collection":[{"href":"https:\/\/pau-motors.com\/en\/wp-json\/wp\/v2\/pages"}],"about":[{"href":"https:\/\/pau-motors.com\/en\/wp-json\/wp\/v2\/types\/page"}],"author":[{"embeddable":true,"href":"https:\/\/pau-motors.com\/en\/wp-json\/wp\/v2\/users\/1"}],"replies":[{"embeddable":true,"href":"https:\/\/pau-motors.com\/en\/wp-json\/wp\/v2\/comments?post=1792"}],"version-history":[{"count":8,"href":"https:\/\/pau-motors.com\/en\/wp-json\/wp\/v2\/pages\/1792\/revisions"}],"predecessor-version":[{"id":1825,"href":"https:\/\/pau-motors.com\/en\/wp-json\/wp\/v2\/pages\/1792\/revisions\/1825"}],"wp:attachment":[{"href":"https:\/\/pau-motors.com\/en\/wp-json\/wp\/v2\/media?parent=1792"}],"curies":[{"name":"wp","href":"https:\/\/api.w.org\/{rel}","templated":true}]}}